{"id":796,"date":"2023-11-30T15:50:57","date_gmt":"2023-11-30T14:50:57","guid":{"rendered":"http:\/\/www.m-t-z.at\/?page_id=796"},"modified":"2023-11-30T16:01:54","modified_gmt":"2023-11-30T15:01:54","slug":"ausbildungskonzept-ganzheitlich-orientierter-hundeverhaltenstrainer-8-lg","status":"publish","type":"page","link":"http:\/\/www.m-t-z.at\/?page_id=796","title":{"rendered":"Ausbildungskonzept ganzheitlich orientierter Hundeverhaltenstrainer"},"content":{"rendered":"\n<p><strong>AUSBILDUNG ZUM GANZHEITLICH ORIENTIERTEN HUNDEVERHALTENSTRAINER<br>AUSBILDUNGSKONZEPT 8. Lehrgang (2025 &#8211; 2027)<\/strong><\/p>\n\n\n\n<p>Im Sinne des Tierschutzes sowie des Tierschutzgesetzes soll Hundeverhaltenstraining von professionell ausgebildeten, der nachweislich erbrachten Sachkunde f\u00e4higen Trainern&nbsp; und Trainerinnen angeboten und nach neuesten Erkenntnissen der Ethologie, der Lerntheorie und Lehrmethodik durchgef\u00fchrt werden. Ganzheitlich orientierte Hundeverhaltenstrainer betrachten viele Aspekte der Umwelt, die Bed\u00fcrfnisse des Hundes, auch dessen Wohlbefinden im Zusammenleben mit uns Menschen als ausschlaggebend f\u00fcr eine erfolgreiche Sozialisation in unserer heutigen Gesellschaft. Die hier konzipierte Ausbildung tr\u00e4gt diesem Gedankengut Rechnung und identifiziert sich auch explizit mit dem ethischen Kodex von &nbsp;Tiere Helfen Leben.<\/p>\n\n\n\n<p><strong>DIE AUSBILDUNG<br><\/strong>Der Verein Mensch und Tier im Zentrum in enger Kooperation mit Tiere Helfen Leben hat sich zum Ziel gesetzt, verantwortungsvolle ganzheitlich orientierte Hundeverhaltenstrainer \/ -trainerinnen nach modernen dualen Methoden auszubilden. Der Gesamtumfang der Ausbildung betr\u00e4gt 670 Unterrichtsstunden und eine hohe Selbstlernzeit. Der Theorieteil wird in Bl\u00f6cken durch entsprechend national und international hochqualifizierte Referenten (siehe Referentenliste) gestaltet. Der&nbsp; Praxisteil erfolgt in Kooperation mit modernen tierschutzorientierten Partnerhundeschulen.<\/p>\n\n\n\n<p>Die theoretische Ausbildung umfasst 436 Unterrichtseinheiten (UE) \u00e0 45 Minuten und schlie\u00dft mit schriftlichen Pr\u00fcfungen, der Pr\u00e4sentation einer schriftlichen Abschlussarbeit und einem praktischen Pr\u00fcfungsteil ab.<\/p>\n\n\n\n<p>Die Praxisstunden sind entsprechend der Theorie aufgebaut und werden \u00fcber die schriftliche R\u00fcckmeldung der Partnerschulen reflektiert.&nbsp;<\/p>\n\n\n\n<p><strong>ZIELSETZUNG DER AUSBILDUNG ZUM GANZHEITLICH ORIENTIERTEN HUNDEVERHALTENSTRAINER<br><\/strong>Nach absolvierter Ausbildung soll der ganzheitlich orientierte Hundeverhaltentrainer in der Lage sein Menschen im tierschutzkonformen Umgang mit ihren Hund anzuleiten, sie einzeln oder in Gruppen entsprechend den W\u00fcnschen der Menschen und den Bed\u00fcrfnissen des Hundes zu schulen und ihren Hund unter seiner Anleitung zu trainieren.<br>Spezielle Rechtsverordnungen wie Sachkundenachweis oder Hundef\u00fchrschein sollen durch den ganzheitlich orientierten Hundeverhaltentrainer ebenfalls fachgerecht vermittelt werden.<br>Unter Ber\u00fccksichtigung von belastenden Faktoren im Leben einzelner Tiere, in Zusammenarbeit mit entsprechenden Spezialisten wie Tier\u00e4rzten oder anderem alternativen Support soll in Einzelbetreuung am Problemverhalten nach einem erlernten Probleml\u00f6sungsprozess gearbeitet werden k\u00f6nnen. Au\u00dferdem soll der ganzheitlich orientierte Hundeverhaltentrainer mit qualifiziertem Hundeverhaltenstraining in Tierschutzorganisationen wie z.B. Tierheimen mitarbeiten k\u00f6nnen. Damit kann er an einer schnelleren Vermittlung an geeignete Hundehalter mitwirken.<br>Der ganzheitlich orientierte Hundeverhaltentrainer lernt einf\u00fchlsam und kreativ Kurse zu gestalten, die Bed\u00fcrfnisse des Hundes zu unterst\u00fctzen und im Interesse der Gesellschaft als Gefahrenpr\u00e4vention Wissen zu Hundeverhalten in moderner Form zu vermitteln.<br>Der Ausbildungsabsolvent wird \u00fcber Marketing, Networking und allgemeine Rechtskunde geschult um entsprechend der Gewerbeordnung agieren zu k\u00f6nnen. Nat\u00fcrlich ist es auch m\u00f6glich die Ausbildung aus dem Motiv der Wissensvertiefung zum Umgang mit dem eigenen Hund zu absolvieren.<\/p>\n\n\n\n<p>&nbsp;<strong>INHALTE DER AUSBILDUNG <\/strong><a href=\"http:\/\/www.m-t-z.at\/?page_id=100\"><strong>(Details im Curriculum)<br><\/strong><\/a>Die Inhalte der theoretischen Ausbildung sind in systematisch aufgebauten Bl\u00f6cken konzipiert.<br>Die Kenntnis zu den einzelnen Teilabschnitten wird durch schriftliche Zwischentests, Gruppenarbeiten oder Hausaufgaben \u00fcbergepr\u00fcft.<br>Exkursionen sind Teil der theoretischen Themenbereiche.<br>Die einzelnen Vortr\u00e4ge der jeweiligen Themengebiete sind inhaltlich aufeinander abgestimmt.<\/p>\n\n\n\n<p><strong>Die Theorie umfasst folgende Themengebiete:<\/strong><\/p>\n\n\n\n<p><strong>Allgemeine Hundekunde 130 UE<\/strong><\/p>\n\n\n\n<ul><li>Entwicklung zum domestizierten Hund<\/li><li>Genotyp \/ Ph\u00e4notyp, Epigenetik<\/li><li>Ethologie \/ Kommunikation<\/li><li>Lernen \/ Training<\/li><li>Gef\u00fchlsleben des Hundes<\/li><\/ul>\n\n\n\n<p><strong>Praxisgrundlagen 60 UE<\/strong><\/p>\n\n\n\n<ul><li>Grundlagen zum Training<\/li><li>Hundesportdisziplinen<\/li><li>Allgemeine Kundenberatung<\/li><li>Rassekunde<\/li><li>Nasenarbeit<\/li><\/ul>\n\n\n\n<p><strong>Ganzheitlich betrachtete Aspekte im Speziellen 180 UE<\/strong><\/p>\n\n\n\n<ul><li>Belastende Faktoren<\/li><li>Ethik<\/li><li>Alternativer Support zur Schulmedizin, Vernetzung<\/li><li>Ganzheitliche Verhaltensberatung<\/li><li>spezielles Verhaltenstraining<\/li><li>Ern\u00e4hrung<\/li><li>Medizin<\/li><\/ul>\n\n\n\n<p><strong>Berufsbild 50 UE<\/strong><\/p>\n\n\n\n<ul><li>Umgang mit Kunden<\/li><li>Tierschutz<\/li><li>Netzwerk<\/li><li>Marketing<\/li><li>Rechtliches<\/li><\/ul>\n\n\n\n<p><strong>PRAXIS<\/strong><\/p>\n\n\n\n<p>Ab dem 4. Unterrichtsblock beginnen die Praxiseinheiten, die von jedem Teilnehmer selbstverantwortlich geplant und dann terminlich mit den&nbsp;<strong>Partnerschulen<\/strong>&nbsp;umgesetzt werden.<br>Vorgeschriebener Praxisumfang sind&nbsp;<strong><em>224 Praxisstunden die innerhalb der Ausbildung<\/em><\/strong>&nbsp;zu erbringen sind. Dem Teilnehmer wird ein \u00dcbersichtsrahmen ausgeh\u00e4ndigt, indem die vorgeschriebenen Praxiseinheiten an die Theorie angepasst, zu entnehmen sind. Theoretisch vermittelte Ausbildungsinhalte werden Gro\u00dfteils innerhalb der Bl\u00f6cke in der angewandten Praxis (\u00dcbungen) erlernt und dann in den Praxiseinheiten der Partnerschulen entsprechend umgesetzt.<\/p>\n\n\n\n<p>Die Praxis gliedert sich in<\/p>\n\n\n\n<ul><li>Beobachtung und Hilfestellung im Alltagstraining<\/li><li>Beobachtung und Hilfestellung in Welpen\/Junghundegruppen<\/li><li>Einzel und Gruppentraining von adulten Hunden unter Anleitung<\/li><li>Beratung von Hundebesitzern, spez. Kleingruppentraining unter Anleitung<\/li><li>Unterst\u00fctzung bei Sachkundenachweis \/ Hundef\u00fchrschein \/ Problemhundeberatung<\/li><li>Abhaltung eines Gruppenkurses<\/li><li>Spezialkurse nach freier Wahl<\/li><\/ul>\n\n\n\n<p><a href=\"http:\/\/www.tiere-helfen-leben.at\/trainerausbildung\/menue_trainer_tools.html\"><strong>SPECIAL TOOLS<\/strong><\/a><\/p>\n\n\n\n<p>Zus\u00e4tzlich zu der Grundausbildung werden Spezifikationstools angeboten, die je nach Interesse gebucht werden k\u00f6nnen. Diese sind nicht in den Ausbildungskosten inkludiert. Das Angebot richtet sich nach der Nachfrage, d.h. dass ein Tool nur dann veranstaltet wird, wenn es ausreichende Anmeldungen daf\u00fcr gibt.<\/p>\n\n\n\n<p><strong>TEILNAHMEVORAUSSETZUNGEN<\/strong><\/p>\n\n\n\n<p>Nach Einlangen der schriftlichen Anmeldung erfolgt ein pers\u00f6nliches Gespr\u00e4ch um die Angaben zu vertiefen und einen pers\u00f6nlichen Eindruck des Interessierten zu erlangen.<\/p>\n\n\n\n<p>Sp\u00e4testens 21 Tage danach kann mit einer R\u00fcckmeldung gerechnet werden. Die Teilnahme wird nach Unterfertigen des Ausbildungsvertrages g\u00fcltig und die&nbsp;<a href=\"http:\/\/www.tiere-helfen-leben.at\/trainerausbildung\/menue_trainer_agb.html\"><strong>allgemeinen Gesch\u00e4ftsbedingungen<\/strong><\/a>&nbsp;dazu wirksam.<\/p>\n\n\n\n<p>Die Ausbildungskosten belaufen sich auf \u20ac 6450,00 inc. MWST. Die Zahlungsbedingungen werden in den&nbsp;<a href=\"http:\/\/www.tiere-helfen-leben.at\/trainerausbildung\/menue_trainer_agb.html\"><strong>allgemeinen Gesch\u00e4ftsbedingungen<\/strong><\/a>&nbsp;geregelt und sind&nbsp; im Ausbildungsvertrag fixiert.<\/p>\n\n\n\n<p>Die Teilnehmerzahl ist mit 22 Personen limitiert.<\/p>\n\n\n\n<p>Bei Nicht erreichen der Mindestteilnehmerzahl findet die Ausbildung nicht statt.<\/p>\n\n\n\n<p>Der Ausbildungsort ist Neud\u00f6rfl im Burgenland .<\/p>\n\n\n\n<p>Das F\u00fchren eines eigenen Hundes ist nicht Voraussetzung, f\u00fcr die Erf\u00fcllung der Hausaufgaben bedarf es jedoch eines n\u00e4heren Kontaktes zu einem Hund.<\/p>\n","protected":false},"excerpt":{"rendered":"<p>AUSBILDUNG ZUM GANZHEITLICH ORIENTIERTEN HUNDEVERHALTENSTRAINERAUSBILDUNGSKONZEPT 8. Lehrgang (2025 &#8211; 2027) Im Sinne des Tierschutzes sowie des Tierschutzgesetzes soll Hundeverhaltenstraining von professionell ausgebildeten, der nachweislich erbrachten Sachkunde f\u00e4higen Trainern&nbsp; und Trainerinnen angeboten und nach neuesten Erkenntnissen der Ethologie, der Lerntheorie und Lehrmethodik durchgef\u00fchrt werden. Ganzheitlich orientierte Hundeverhaltenstrainer betrachten viele Aspekte der Umwelt, die Bed\u00fcrfnisse des Hundes, &hellip; <a href=\"http:\/\/www.m-t-z.at\/?page_id=796\" class=\"more-link\"><span class=\"screen-reader-text\">Ausbildungskonzept ganzheitlich orientierter Hundeverhaltenstrainer<\/span> weiterlesen <span class=\"meta-nav\">&rarr;<\/span><\/a><\/p>\n","protected":false},"author":1,"featured_media":0,"parent":0,"menu_order":0,"comment_status":"closed","ping_status":"closed","template":"","meta":[],"yoast_head":"<!-- This site is optimized with the Yoast SEO plugin v19.6.1 - https:\/\/yoast.com\/wordpress\/plugins\/seo\/ -->\n<title>Ausbildungskonzept ganzheitlich orientierter Hundeverhaltenstrainer -<\/title>\n<meta name=\"robots\" content=\"index, follow, max-snippet:-1, max-image-preview:large, max-video-preview:-1\" \/>\n<link rel=\"canonical\" href=\"http:\/\/www.m-t-z.at\/?page_id=796\" \/>\n<meta property=\"og:locale\" content=\"de_DE\" \/>\n<meta property=\"og:type\" content=\"article\" \/>\n<meta property=\"og:title\" content=\"Ausbildungskonzept ganzheitlich orientierter Hundeverhaltenstrainer -\" \/>\n<meta property=\"og:description\" content=\"AUSBILDUNG ZUM GANZHEITLICH ORIENTIERTEN HUNDEVERHALTENSTRAINERAUSBILDUNGSKONZEPT 8. Lehrgang (2025 &#8211; 2027) Im Sinne des Tierschutzes sowie des Tierschutzgesetzes soll Hundeverhaltenstraining von professionell ausgebildeten, der nachweislich erbrachten Sachkunde f\u00e4higen Trainern&nbsp; und Trainerinnen angeboten und nach neuesten Erkenntnissen der Ethologie, der Lerntheorie und Lehrmethodik durchgef\u00fchrt werden. Ganzheitlich orientierte Hundeverhaltenstrainer betrachten viele Aspekte der Umwelt, die Bed\u00fcrfnisse des Hundes, &hellip; Ausbildungskonzept ganzheitlich orientierter Hundeverhaltenstrainer weiterlesen &rarr;\" \/>\n<meta property=\"og:url\" content=\"http:\/\/www.m-t-z.at\/?page_id=796\" \/>\n<meta property=\"article:modified_time\" content=\"2023-11-30T15:01:54+00:00\" \/>\n<meta name=\"twitter:card\" content=\"summary\" \/>\n<meta name=\"twitter:label1\" content=\"Gesch\u00e4tzte Lesezeit\" \/>\n\t<meta name=\"twitter:data1\" content=\"5\u00a0Minuten\" \/>\n<script type=\"application\/ld+json\" class=\"yoast-schema-graph\">{\"@context\":\"https:\/\/schema.org\",\"@graph\":[{\"@type\":\"WebPage\",\"@id\":\"http:\/\/www.m-t-z.at\/?page_id=796\",\"url\":\"http:\/\/www.m-t-z.at\/?page_id=796\",\"name\":\"Ausbildungskonzept ganzheitlich orientierter Hundeverhaltenstrainer -\",\"isPartOf\":{\"@id\":\"http:\/\/www.m-t-z.at\/#website\"},\"datePublished\":\"2023-11-30T14:50:57+00:00\",\"dateModified\":\"2023-11-30T15:01:54+00:00\",\"breadcrumb\":{\"@id\":\"http:\/\/www.m-t-z.at\/?page_id=796#breadcrumb\"},\"inLanguage\":\"de\",\"potentialAction\":[{\"@type\":\"ReadAction\",\"target\":[\"http:\/\/www.m-t-z.at\/?page_id=796\"]}]},{\"@type\":\"BreadcrumbList\",\"@id\":\"http:\/\/www.m-t-z.at\/?page_id=796#breadcrumb\",\"itemListElement\":[{\"@type\":\"ListItem\",\"position\":1,\"name\":\"Startseite\",\"item\":\"http:\/\/www.m-t-z.at\/\"},{\"@type\":\"ListItem\",\"position\":2,\"name\":\"Ausbildungskonzept ganzheitlich orientierter Hundeverhaltenstrainer\"}]},{\"@type\":\"WebSite\",\"@id\":\"http:\/\/www.m-t-z.at\/#website\",\"url\":\"http:\/\/www.m-t-z.at\/\",\"name\":\"\",\"description\":\"\",\"potentialAction\":[{\"@type\":\"SearchAction\",\"target\":{\"@type\":\"EntryPoint\",\"urlTemplate\":\"http:\/\/www.m-t-z.at\/?s={search_term_string}\"},\"query-input\":\"required name=search_term_string\"}],\"inLanguage\":\"de\"}]}<\/script>\n<!-- \/ Yoast SEO plugin. -->","yoast_head_json":{"title":"Ausbildungskonzept ganzheitlich orientierter Hundeverhaltenstrainer -","robots":{"index":"index","follow":"follow","max-snippet":"max-snippet:-1","max-image-preview":"max-image-preview:large","max-video-preview":"max-video-preview:-1"},"canonical":"http:\/\/www.m-t-z.at\/?page_id=796","og_locale":"de_DE","og_type":"article","og_title":"Ausbildungskonzept ganzheitlich orientierter Hundeverhaltenstrainer -","og_description":"AUSBILDUNG ZUM GANZHEITLICH ORIENTIERTEN HUNDEVERHALTENSTRAINERAUSBILDUNGSKONZEPT 8. Lehrgang (2025 &#8211; 2027) Im Sinne des Tierschutzes sowie des Tierschutzgesetzes soll Hundeverhaltenstraining von professionell ausgebildeten, der nachweislich erbrachten Sachkunde f\u00e4higen Trainern&nbsp; und Trainerinnen angeboten und nach neuesten Erkenntnissen der Ethologie, der Lerntheorie und Lehrmethodik durchgef\u00fchrt werden. Ganzheitlich orientierte Hundeverhaltenstrainer betrachten viele Aspekte der Umwelt, die Bed\u00fcrfnisse des Hundes, &hellip; Ausbildungskonzept ganzheitlich orientierter Hundeverhaltenstrainer weiterlesen &rarr;","og_url":"http:\/\/www.m-t-z.at\/?page_id=796","article_modified_time":"2023-11-30T15:01:54+00:00","twitter_card":"summary","twitter_misc":{"Gesch\u00e4tzte Lesezeit":"5\u00a0Minuten"},"schema":{"@context":"https:\/\/schema.org","@graph":[{"@type":"WebPage","@id":"http:\/\/www.m-t-z.at\/?page_id=796","url":"http:\/\/www.m-t-z.at\/?page_id=796","name":"Ausbildungskonzept ganzheitlich orientierter Hundeverhaltenstrainer -","isPartOf":{"@id":"http:\/\/www.m-t-z.at\/#website"},"datePublished":"2023-11-30T14:50:57+00:00","dateModified":"2023-11-30T15:01:54+00:00","breadcrumb":{"@id":"http:\/\/www.m-t-z.at\/?page_id=796#breadcrumb"},"inLanguage":"de","potentialAction":[{"@type":"ReadAction","target":["http:\/\/www.m-t-z.at\/?page_id=796"]}]},{"@type":"BreadcrumbList","@id":"http:\/\/www.m-t-z.at\/?page_id=796#breadcrumb","itemListElement":[{"@type":"ListItem","position":1,"name":"Startseite","item":"http:\/\/www.m-t-z.at\/"},{"@type":"ListItem","position":2,"name":"Ausbildungskonzept ganzheitlich orientierter Hundeverhaltenstrainer"}]},{"@type":"WebSite","@id":"http:\/\/www.m-t-z.at\/#website","url":"http:\/\/www.m-t-z.at\/","name":"","description":"","potentialAction":[{"@type":"SearchAction","target":{"@type":"EntryPoint","urlTemplate":"http:\/\/www.m-t-z.at\/?s={search_term_string}"},"query-input":"required name=search_term_string"}],"inLanguage":"de"}]}},"_links":{"self":[{"href":"http:\/\/www.m-t-z.at\/index.php?rest_route=\/wp\/v2\/pages\/796"}],"collection":[{"href":"http:\/\/www.m-t-z.at\/index.php?rest_route=\/wp\/v2\/pages"}],"about":[{"href":"http:\/\/www.m-t-z.at\/index.php?rest_route=\/wp\/v2\/types\/page"}],"author":[{"embeddable":true,"href":"http:\/\/www.m-t-z.at\/index.php?rest_route=\/wp\/v2\/users\/1"}],"replies":[{"embeddable":true,"href":"http:\/\/www.m-t-z.at\/index.php?rest_route=%2Fwp%2Fv2%2Fcomments&post=796"}],"version-history":[{"count":5,"href":"http:\/\/www.m-t-z.at\/index.php?rest_route=\/wp\/v2\/pages\/796\/revisions"}],"predecessor-version":[{"id":810,"href":"http:\/\/www.m-t-z.at\/index.php?rest_route=\/wp\/v2\/pages\/796\/revisions\/810"}],"wp:attachment":[{"href":"http:\/\/www.m-t-z.at\/index.php?rest_route=%2Fwp%2Fv2%2Fmedia&parent=796"}],"curies":[{"name":"wp","href":"https:\/\/api.w.org\/{rel}","templated":true}]}}