{"id":740,"date":"2023-11-30T12:49:17","date_gmt":"2023-11-30T11:49:17","guid":{"rendered":"http:\/\/www.m-t-z.at\/?page_id=740"},"modified":"2023-11-30T13:39:47","modified_gmt":"2023-11-30T12:39:47","slug":"trainerausbildung-8-lehrgang","status":"publish","type":"page","link":"http:\/\/www.m-t-z.at\/?page_id=740","title":{"rendered":"Hundeverhaltenstrainer      8. Lehrgang"},"content":{"rendered":"\n<p><\/p>\n\n\n\n<p>In dieser Ausbildung wird strukturiert und vor allem reflektiert Wissen rund um die neuesten Erkenntnisse in der Hundeverhaltensberatung erworben. Einmalig in \u00d6sterreich findet sich die duale Form mit ihrer aufeinander abgestimmter Theorie- und Praxiszeit \u00fcber 2 Jahre.<\/p>\n\n\n\n<p>Sowohl in Vortr\u00e4gen, Praxisseminaren, Videoanalysen, Erarbeitung von Fallbeispielen als auch bei Exkursionen stehen die ausgew\u00e4hlten ReferentInnen des Lehrgangs im Regelunterricht f\u00fcr den pers\u00f6nlichen Austausch zur Verf\u00fcgung. In unseren Partnerschulen, die z.T. von den Vortragenden des Lehrgangs gef\u00fchrt werden, kann das erworbene Wissen praxisnah umgesetzt und reflektiert werden.<\/p>\n\n\n\n<p>Die Ausbildung zur\/zum ganzheitlich orientierten HundeverhaltenstrainIn umfasst 600 Unterrichtsstunden. Diesen Stunden sind noch Selbststudium, praktische als auch theoretische Hausaufgaben, Lesestunden und Pr\u00fcfungsvorbereitung zuzurechnen. Die Ausbildung ist f\u00fcr die Pr\u00fcfung zur\/zum tierschutzqualifizierten HundetrainerIn anerkannt. Bereits \u00fcber 55 AbsolventInnen der Ausbildung aus ganz \u00d6sterreich setzen das erworbene Wissen in der Praxis um.<\/p>\n\n\n\n<p>Ein sp\u00e4teres Upgrade zur\/zum THL AssistenzhundetrainerIn ist m\u00f6glich. Ebenso zur\/zum Ern\u00e4hrungsberaterIn f\u00fcr Hunde uvm.<\/p>\n\n\n\n<p><a href=\"https:\/\/www.tiere-helfen-leben.at\/ausbildung\/hundetrainer\/terminplan\/\">Der n\u00e4chste Lehrgang startet mit Mai 2025 \u2013 Anmeldungen sind bereits jetzt m\u00f6glich.<\/a><\/p>\n\n\n\n<p><strong>Kontaktaufnahme zur Trainerausbildung<\/strong><br>Mit unserem&nbsp;<a href=\"https:\/\/www.tiere-helfen-leben.at\/kontakt\/\">Formular<\/a>&nbsp;kannst du den Erstkontakt aufnehmen, du erh\u00e4ltst umgehend weitere Informationen.<\/p>\n\n\n\n<p><a href=\"https:\/\/tiere-helfen-leben.at\/wordpress\/wp-content\/uploads\/2021\/11\/AGB-Trainerausbildung-2021.pdf\">Hier findest du unsere AGBs zur Ausbildung des ganzheitlich orientierten Hundeverhaltenstrainers.<\/a><\/p>\n\n\n\n<p><a href=\"https:\/\/tiere-helfen-leben.at\/berufsausbildungen\/hundetrainerin\/curriculum\/\">Curriculum<\/a><br><a href=\"https:\/\/tiere-helfen-leben.at\/berufsausbildungen\/hundetrainerin\/referentinnen\/\">Referenten<\/a><br><a href=\"https:\/\/tiere-helfen-leben.at\/berufsausbildungen\/hundetrainerin\/terminplan\/\">Terminplan<\/a><\/p>\n\n\n\n<p><a href=\"https:\/\/www.tiere-helfen-leben.at\/kontakt\/\" target=\"_blank\" rel=\"noreferrer noopener\">Anmeldung zum Informationsgespr\u00e4ch<\/a><\/p>\n","protected":false},"excerpt":{"rendered":"<p>In dieser Ausbildung wird strukturiert und vor allem reflektiert Wissen rund um die neuesten Erkenntnisse in der Hundeverhaltensberatung erworben. Einmalig in \u00d6sterreich findet sich die duale Form mit ihrer aufeinander abgestimmter Theorie- und Praxiszeit \u00fcber 2 Jahre. Sowohl in Vortr\u00e4gen, Praxisseminaren, Videoanalysen, Erarbeitung von Fallbeispielen als auch bei Exkursionen stehen die ausgew\u00e4hlten ReferentInnen des Lehrgangs &hellip; <a href=\"http:\/\/www.m-t-z.at\/?page_id=740\" class=\"more-link\"><span class=\"screen-reader-text\">Hundeverhaltenstrainer      8. Lehrgang<\/span> weiterlesen <span class=\"meta-nav\">&rarr;<\/span><\/a><\/p>\n","protected":false},"author":1,"featured_media":0,"parent":0,"menu_order":0,"comment_status":"closed","ping_status":"closed","template":"","meta":[],"yoast_head":"<!-- This site is optimized with the Yoast SEO plugin v19.6.1 - https:\/\/yoast.com\/wordpress\/plugins\/seo\/ -->\n<title>Hundeverhaltenstrainer   8. Lehrgang -<\/title>\n<meta name=\"robots\" content=\"index, follow, max-snippet:-1, max-image-preview:large, max-video-preview:-1\" \/>\n<link rel=\"canonical\" href=\"http:\/\/www.m-t-z.at\/?page_id=740\" \/>\n<meta property=\"og:locale\" content=\"de_DE\" \/>\n<meta property=\"og:type\" content=\"article\" \/>\n<meta property=\"og:title\" content=\"Hundeverhaltenstrainer   8. Lehrgang -\" \/>\n<meta property=\"og:description\" content=\"In dieser Ausbildung wird strukturiert und vor allem reflektiert Wissen rund um die neuesten Erkenntnisse in der Hundeverhaltensberatung erworben. Einmalig in \u00d6sterreich findet sich die duale Form mit ihrer aufeinander abgestimmter Theorie- und Praxiszeit \u00fcber 2 Jahre. Sowohl in Vortr\u00e4gen, Praxisseminaren, Videoanalysen, Erarbeitung von Fallbeispielen als auch bei Exkursionen stehen die ausgew\u00e4hlten ReferentInnen des Lehrgangs &hellip; Hundeverhaltenstrainer   8. Lehrgang weiterlesen &rarr;\" \/>\n<meta property=\"og:url\" content=\"http:\/\/www.m-t-z.at\/?page_id=740\" \/>\n<meta property=\"article:modified_time\" content=\"2023-11-30T12:39:47+00:00\" \/>\n<meta name=\"twitter:card\" content=\"summary\" \/>\n<meta name=\"twitter:label1\" content=\"Gesch\u00e4tzte Lesezeit\" \/>\n\t<meta name=\"twitter:data1\" content=\"2\u00a0Minuten\" \/>\n<script type=\"application\/ld+json\" class=\"yoast-schema-graph\">{\"@context\":\"https:\/\/schema.org\",\"@graph\":[{\"@type\":\"WebPage\",\"@id\":\"http:\/\/www.m-t-z.at\/?page_id=740\",\"url\":\"http:\/\/www.m-t-z.at\/?page_id=740\",\"name\":\"Hundeverhaltenstrainer 8. Lehrgang -\",\"isPartOf\":{\"@id\":\"http:\/\/www.m-t-z.at\/#website\"},\"datePublished\":\"2023-11-30T11:49:17+00:00\",\"dateModified\":\"2023-11-30T12:39:47+00:00\",\"breadcrumb\":{\"@id\":\"http:\/\/www.m-t-z.at\/?page_id=740#breadcrumb\"},\"inLanguage\":\"de\",\"potentialAction\":[{\"@type\":\"ReadAction\",\"target\":[\"http:\/\/www.m-t-z.at\/?page_id=740\"]}]},{\"@type\":\"BreadcrumbList\",\"@id\":\"http:\/\/www.m-t-z.at\/?page_id=740#breadcrumb\",\"itemListElement\":[{\"@type\":\"ListItem\",\"position\":1,\"name\":\"Startseite\",\"item\":\"http:\/\/www.m-t-z.at\/\"},{\"@type\":\"ListItem\",\"position\":2,\"name\":\"Hundeverhaltenstrainer 8. Lehrgang\"}]},{\"@type\":\"WebSite\",\"@id\":\"http:\/\/www.m-t-z.at\/#website\",\"url\":\"http:\/\/www.m-t-z.at\/\",\"name\":\"\",\"description\":\"\",\"potentialAction\":[{\"@type\":\"SearchAction\",\"target\":{\"@type\":\"EntryPoint\",\"urlTemplate\":\"http:\/\/www.m-t-z.at\/?s={search_term_string}\"},\"query-input\":\"required name=search_term_string\"}],\"inLanguage\":\"de\"}]}<\/script>\n<!-- \/ Yoast SEO plugin. -->","yoast_head_json":{"title":"Hundeverhaltenstrainer   8. Lehrgang -","robots":{"index":"index","follow":"follow","max-snippet":"max-snippet:-1","max-image-preview":"max-image-preview:large","max-video-preview":"max-video-preview:-1"},"canonical":"http:\/\/www.m-t-z.at\/?page_id=740","og_locale":"de_DE","og_type":"article","og_title":"Hundeverhaltenstrainer   8. Lehrgang -","og_description":"In dieser Ausbildung wird strukturiert und vor allem reflektiert Wissen rund um die neuesten Erkenntnisse in der Hundeverhaltensberatung erworben. Einmalig in \u00d6sterreich findet sich die duale Form mit ihrer aufeinander abgestimmter Theorie- und Praxiszeit \u00fcber 2 Jahre. Sowohl in Vortr\u00e4gen, Praxisseminaren, Videoanalysen, Erarbeitung von Fallbeispielen als auch bei Exkursionen stehen die ausgew\u00e4hlten ReferentInnen des Lehrgangs &hellip; Hundeverhaltenstrainer   8. Lehrgang weiterlesen &rarr;","og_url":"http:\/\/www.m-t-z.at\/?page_id=740","article_modified_time":"2023-11-30T12:39:47+00:00","twitter_card":"summary","twitter_misc":{"Gesch\u00e4tzte Lesezeit":"2\u00a0Minuten"},"schema":{"@context":"https:\/\/schema.org","@graph":[{"@type":"WebPage","@id":"http:\/\/www.m-t-z.at\/?page_id=740","url":"http:\/\/www.m-t-z.at\/?page_id=740","name":"Hundeverhaltenstrainer 8. Lehrgang -","isPartOf":{"@id":"http:\/\/www.m-t-z.at\/#website"},"datePublished":"2023-11-30T11:49:17+00:00","dateModified":"2023-11-30T12:39:47+00:00","breadcrumb":{"@id":"http:\/\/www.m-t-z.at\/?page_id=740#breadcrumb"},"inLanguage":"de","potentialAction":[{"@type":"ReadAction","target":["http:\/\/www.m-t-z.at\/?page_id=740"]}]},{"@type":"BreadcrumbList","@id":"http:\/\/www.m-t-z.at\/?page_id=740#breadcrumb","itemListElement":[{"@type":"ListItem","position":1,"name":"Startseite","item":"http:\/\/www.m-t-z.at\/"},{"@type":"ListItem","position":2,"name":"Hundeverhaltenstrainer 8. Lehrgang"}]},{"@type":"WebSite","@id":"http:\/\/www.m-t-z.at\/#website","url":"http:\/\/www.m-t-z.at\/","name":"","description":"","potentialAction":[{"@type":"SearchAction","target":{"@type":"EntryPoint","urlTemplate":"http:\/\/www.m-t-z.at\/?s={search_term_string}"},"query-input":"required name=search_term_string"}],"inLanguage":"de"}]}},"_links":{"self":[{"href":"http:\/\/www.m-t-z.at\/index.php?rest_route=\/wp\/v2\/pages\/740"}],"collection":[{"href":"http:\/\/www.m-t-z.at\/index.php?rest_route=\/wp\/v2\/pages"}],"about":[{"href":"http:\/\/www.m-t-z.at\/index.php?rest_route=\/wp\/v2\/types\/page"}],"author":[{"embeddable":true,"href":"http:\/\/www.m-t-z.at\/index.php?rest_route=\/wp\/v2\/users\/1"}],"replies":[{"embeddable":true,"href":"http:\/\/www.m-t-z.at\/index.php?rest_route=%2Fwp%2Fv2%2Fcomments&post=740"}],"version-history":[{"count":10,"href":"http:\/\/www.m-t-z.at\/index.php?rest_route=\/wp\/v2\/pages\/740\/revisions"}],"predecessor-version":[{"id":791,"href":"http:\/\/www.m-t-z.at\/index.php?rest_route=\/wp\/v2\/pages\/740\/revisions\/791"}],"wp:attachment":[{"href":"http:\/\/www.m-t-z.at\/index.php?rest_route=%2Fwp%2Fv2%2Fmedia&parent=740"}],"curies":[{"name":"wp","href":"https:\/\/api.w.org\/{rel}","templated":true}]}}