{"id":642,"date":"2020-12-09T10:50:17","date_gmt":"2020-12-09T09:50:17","guid":{"rendered":"http:\/\/www.m-t-z.at\/?page_id=642"},"modified":"2021-12-16T08:34:24","modified_gmt":"2021-12-16T07:34:24","slug":"agbs-ernaehrungsberater","status":"publish","type":"page","link":"http:\/\/www.m-t-z.at\/?page_id=642","title":{"rendered":"AGB&#8217;s Ern\u00e4hrungsberater"},"content":{"rendered":"<p>Verein Mensch und Tier im Zentrum,<br \/>\nHauptstra\u00dfe 154 a, 7201 Neud\u00f6rfl<br \/>\nwww.m-t-z.org<br \/>\nTel: 699\/81684865<br \/>\nAllg. Gesch\u00e4ftsbedingungen\/Seminare<br \/>\n<strong>Allgemeine Gesch\u00e4ftsbedingungen<\/strong><br \/>\n<strong>F\u00dcR VERANSTALTUNGEN<\/strong><br \/>\ndes Vereines Mensch und Tier im Zentrum<br \/>\n(im Folgenden kurz MTZ genannt)<br \/>\n<strong>Anmeldung<\/strong><br \/>\nDie Anmeldung zu Seminaren muss schriftlich mittels Anmeldeformular oder per Mail erfolgen und ist\u00a0ausnahmslos verbindlich. Sie erhalten nach Anmeldung eine Anmeldebest\u00e4tigung und eventuelle\u00a0weitere Kursinformationen. Eine Stornierung der Anmeldung ist nur schriftlich m\u00f6glich und es laufen\u00a0hierbei bereits Stornokosten an. Abreden jeglicher Art z.B. durch Vorstands- oder Vereinsmitglied oder\u00a0der Seminarleitung bed\u00fcrfen der schriftlichen Form und gelten ansonsten als nicht erfolgt.<br \/>\n<strong>Teilnehmerzahl<\/strong><br \/>\nDie Teilnehmerzahl ist bei allen Kursen beschr\u00e4nkt. Die Reihung erfolgt nach Eingang der<br \/>\nAnmeldung. Im Einzelfall kann auch eine Anmeldung nicht akzeptiert werden (z.B. Unvertr\u00e4glichkeit\u00a0des Hundes bei einem Mensch\/Hund Workshop\/Seminar).<\/p>\n<p><strong>Zahlungen<\/strong><br \/>\nDie Seminargeb\u00fchr ist vorab auf das Konto von MTZ zur Anweisung zu bringen. Ein g\u00fcltiger<br \/>\nEinzahlungsbeleg\/Buchungseingang ist vorzuweisen. Die Seminargeb\u00fchr versteht sich exkl.\u00a0Verpflegung und Unterbringung (au\u00dfer es wird ausdr\u00fccklich angef\u00fchrt). Der Verein Mensch und Tier\u00a0im Zentrum beh\u00e4lt sich das Recht vor, Teilnehmer, die den Seminarbetrag nicht vor Seminarbeginn\u00a0bezahlen oder bereits bezahlt haben, von der Teilnahme auszuschlie\u00dfen. Der Verein MTZ kann aus\u00a0technischen Gr\u00fcnden keine Bezahlungen mittels Kredit- oder Bankomatkarten akzeptieren.<br \/>\nKontodaten:<br \/>\nIBAN: AT76 3264 2000 0030 9591<br \/>\nBank RAIKA Piestingtal<\/p>\n<p><strong>Stornierungskosten<\/strong><br \/>\nBei Storno bis 8 Wochen VOR Seminarbeginn: 20% der Seminargeb\u00fchr<br \/>\nBei Storno bis 4 Wochen VOR Seminarbeginn: 50% der Seminargeb\u00fchr<br \/>\nBei Storno innerhalb von 4 Wochen vor Kursbeginn ist der Gesamtbetrag f\u00e4llig.<br \/>\nSie haben jedoch die M\u00f6glichkeit, einen Ersatzteilnehmer zu stellen.<br \/>\nKursabsage\u00a0Wir behalten uns das Recht vor, Kurse bei zu wenigen Anmeldungen oder au\u00dfergew\u00f6hnlichen\u00a0Ereignissen abzusagen. Dies wird Ihnen sp\u00e4testens 1 Woche vor Seminarbeginn mitgeteilt. Die von\u00a0Ihnen bezahlte Seminargeb\u00fchr wird nur in diesem Fall zur G\u00e4nze r\u00fcckerstattet.<\/p>\n<p><strong>Haftung<\/strong><br \/>\nDie Teilnahme an den Veranstaltungen erfolgt auf eigenes Risiko, d.h. der Versicherungsschutz ist\u00a0Sache jedes Einzelnen. Dies betrifft insbesondere die Schadenshaftung. Wir machen ausdr\u00fccklich darauf aufmerksam, dass Sie \u00fcber eine ausreichende Haftpflicht- und Unfallversicherung verf\u00fcgen m\u00fcssen. Dies wir durch die Unterschrift auf dem Anmeldeformular best\u00e4tigt und gleichzeitig verpflichtet sich der Teilnehmer den Verein Mensch und Tier im Zentrum Schad- und klaglos zu halten.<\/p>\n<p><strong>Beigestellte Materialien und Daten<\/strong><br \/>\nF\u00fcr von MTZ beigestellte Materialen, Vorlagen, Drucke, Manuskripte, Datentr\u00e4ger, Filme,<br \/>\nKursunterlagen wird keine Gew\u00e4hr \u00fcber die Richtigkeit der Angaben \u00fcbernommen. F\u00fcr Satz- und\u00a0Druckfehler wird keinerlei Haftung \u00fcbernommen. Das Kopieren und weiterverwenden dieser\u00a0Unterlagen ist untersagt.<\/p>\n<p><strong>Impfungen<\/strong><br \/>\nDie an den Veranstaltungen teilnehmenden Hunde m\u00fcssen geimpft und gesund sein. Das<br \/>\nImpfzeugnis ist bei jedem Kurs mitzubringen.<\/p>\n<p><strong>Mitbringen von Hunden<\/strong><br \/>\nBei rein theoretischen Kursen ist das Mitbringen von Hunden nur in Ausnahmef\u00e4llen und nur nach\u00a0Absprache m\u00f6glich, au\u00dfer die Mitnahme von Hunden ist in der Seminarank\u00fcndigung dezidiert erlaubt.\u00a0Bei manchen Kursen ist es aus den unterschiedlichsten Gr\u00fcnden m\u00f6glich, dass Hunde nicht die\u00a0ganze Zeit im Seminarraum sein k\u00f6nnen. Bitte nehmen Sie auf alle F\u00e4lle Kontakt mit uns auf, wenn\u00a0Sie Ihren Hund mitbringen m\u00f6chten. L\u00e4ufige H\u00fcndinnen k\u00f6nnen an Praxisseminaren nicht teilnehmen.<\/p>\n<p><strong>Leinenpflicht<\/strong><br \/>\nIm Seminargeb\u00e4ude und dem Parkplatz gilt Leinenpflicht. Ebenso gilt die jeweilige<br \/>\nGemeindeverordnung.<\/p>\n<p><strong>Geltungsbereich<\/strong><br \/>\nDie Lieferungen, Leistungen und Angebote erfolgen ausschlie\u00dflich auf grund der<br \/>\nGesch\u00e4ftsbedingungen. Diese gelten somit auch f\u00fcr alle k\u00fcnftigen Gesch\u00e4ftsbeziehungen, auch wenn\u00a0sie nicht nochmals ausdr\u00fccklich vereinbart werden.\u00a0Abweichungen von diesen Gesch\u00e4ftsbedingungen sind nur wirksam, wenn der Verein MTZ diese schriftlich best\u00e4tigt<\/p>\n<p>Diese Gesch\u00e4ftsbedingungen bleiben auch dann verbindlich, wenn einzelne Teile aus irgendwelchen\u00a0Gr\u00fcnden nicht wirksam sein sollten.<\/p>\n<p><strong>Gerichtsstand<\/strong><br \/>\nF\u00fcr den Gesch\u00e4ftsverkehr mit in- und ausl\u00e4ndischen Kunden gilt ausschlie\u00dflich \u00f6sterreichisches\u00a0Recht. Erf\u00fcllungsort und Gerichtsstand ist das Bezirksgericht Mattersburg.<\/p>\n","protected":false},"excerpt":{"rendered":"<p>Verein Mensch und Tier im Zentrum, Hauptstra\u00dfe 154 a, 7201 Neud\u00f6rfl www.m-t-z.org Tel: 699\/81684865 Allg. Gesch\u00e4ftsbedingungen\/Seminare Allgemeine Gesch\u00e4ftsbedingungen F\u00dcR VERANSTALTUNGEN des Vereines Mensch und Tier im Zentrum (im Folgenden kurz MTZ genannt) Anmeldung Die Anmeldung zu Seminaren muss schriftlich mittels Anmeldeformular oder per Mail erfolgen und ist\u00a0ausnahmslos verbindlich. Sie erhalten nach Anmeldung eine Anmeldebest\u00e4tigung und &hellip; <a href=\"http:\/\/www.m-t-z.at\/?page_id=642\" class=\"more-link\"><span class=\"screen-reader-text\">AGB&#8217;s Ern\u00e4hrungsberater<\/span> weiterlesen <span class=\"meta-nav\">&rarr;<\/span><\/a><\/p>\n","protected":false},"author":1,"featured_media":0,"parent":0,"menu_order":0,"comment_status":"closed","ping_status":"closed","template":"","meta":[],"yoast_head":"<!-- This site is optimized with the Yoast SEO plugin v19.6.1 - https:\/\/yoast.com\/wordpress\/plugins\/seo\/ -->\n<title>AGB&#039;s Ern\u00e4hrungsberater -<\/title>\n<meta name=\"robots\" content=\"index, follow, max-snippet:-1, max-image-preview:large, max-video-preview:-1\" \/>\n<link rel=\"canonical\" href=\"http:\/\/www.m-t-z.at\/?page_id=642\" \/>\n<meta property=\"og:locale\" content=\"de_DE\" \/>\n<meta property=\"og:type\" content=\"article\" \/>\n<meta property=\"og:title\" content=\"AGB&#039;s Ern\u00e4hrungsberater -\" \/>\n<meta property=\"og:description\" content=\"Verein Mensch und Tier im Zentrum, Hauptstra\u00dfe 154 a, 7201 Neud\u00f6rfl www.m-t-z.org Tel: 699\/81684865 Allg. Gesch\u00e4ftsbedingungen\/Seminare Allgemeine Gesch\u00e4ftsbedingungen F\u00dcR VERANSTALTUNGEN des Vereines Mensch und Tier im Zentrum (im Folgenden kurz MTZ genannt) Anmeldung Die Anmeldung zu Seminaren muss schriftlich mittels Anmeldeformular oder per Mail erfolgen und ist\u00a0ausnahmslos verbindlich. Sie erhalten nach Anmeldung eine Anmeldebest\u00e4tigung und &hellip; AGB&#8217;s Ern\u00e4hrungsberater weiterlesen &rarr;\" \/>\n<meta property=\"og:url\" content=\"http:\/\/www.m-t-z.at\/?page_id=642\" \/>\n<meta property=\"article:modified_time\" content=\"2021-12-16T07:34:24+00:00\" \/>\n<meta name=\"twitter:card\" content=\"summary\" \/>\n<meta name=\"twitter:label1\" content=\"Gesch\u00e4tzte Lesezeit\" \/>\n\t<meta name=\"twitter:data1\" content=\"3\u00a0Minuten\" \/>\n<script type=\"application\/ld+json\" class=\"yoast-schema-graph\">{\"@context\":\"https:\/\/schema.org\",\"@graph\":[{\"@type\":\"WebPage\",\"@id\":\"http:\/\/www.m-t-z.at\/?page_id=642\",\"url\":\"http:\/\/www.m-t-z.at\/?page_id=642\",\"name\":\"AGB's Ern\u00e4hrungsberater -\",\"isPartOf\":{\"@id\":\"http:\/\/www.m-t-z.at\/#website\"},\"datePublished\":\"2020-12-09T09:50:17+00:00\",\"dateModified\":\"2021-12-16T07:34:24+00:00\",\"breadcrumb\":{\"@id\":\"http:\/\/www.m-t-z.at\/?page_id=642#breadcrumb\"},\"inLanguage\":\"de\",\"potentialAction\":[{\"@type\":\"ReadAction\",\"target\":[\"http:\/\/www.m-t-z.at\/?page_id=642\"]}]},{\"@type\":\"BreadcrumbList\",\"@id\":\"http:\/\/www.m-t-z.at\/?page_id=642#breadcrumb\",\"itemListElement\":[{\"@type\":\"ListItem\",\"position\":1,\"name\":\"Startseite\",\"item\":\"http:\/\/www.m-t-z.at\/\"},{\"@type\":\"ListItem\",\"position\":2,\"name\":\"AGB&#8217;s Ern\u00e4hrungsberater\"}]},{\"@type\":\"WebSite\",\"@id\":\"http:\/\/www.m-t-z.at\/#website\",\"url\":\"http:\/\/www.m-t-z.at\/\",\"name\":\"\",\"description\":\"\",\"potentialAction\":[{\"@type\":\"SearchAction\",\"target\":{\"@type\":\"EntryPoint\",\"urlTemplate\":\"http:\/\/www.m-t-z.at\/?s={search_term_string}\"},\"query-input\":\"required name=search_term_string\"}],\"inLanguage\":\"de\"}]}<\/script>\n<!-- \/ Yoast SEO plugin. -->","yoast_head_json":{"title":"AGB's Ern\u00e4hrungsberater -","robots":{"index":"index","follow":"follow","max-snippet":"max-snippet:-1","max-image-preview":"max-image-preview:large","max-video-preview":"max-video-preview:-1"},"canonical":"http:\/\/www.m-t-z.at\/?page_id=642","og_locale":"de_DE","og_type":"article","og_title":"AGB's Ern\u00e4hrungsberater -","og_description":"Verein Mensch und Tier im Zentrum, Hauptstra\u00dfe 154 a, 7201 Neud\u00f6rfl www.m-t-z.org Tel: 699\/81684865 Allg. Gesch\u00e4ftsbedingungen\/Seminare Allgemeine Gesch\u00e4ftsbedingungen F\u00dcR VERANSTALTUNGEN des Vereines Mensch und Tier im Zentrum (im Folgenden kurz MTZ genannt) Anmeldung Die Anmeldung zu Seminaren muss schriftlich mittels Anmeldeformular oder per Mail erfolgen und ist\u00a0ausnahmslos verbindlich. Sie erhalten nach Anmeldung eine Anmeldebest\u00e4tigung und &hellip; AGB&#8217;s Ern\u00e4hrungsberater weiterlesen &rarr;","og_url":"http:\/\/www.m-t-z.at\/?page_id=642","article_modified_time":"2021-12-16T07:34:24+00:00","twitter_card":"summary","twitter_misc":{"Gesch\u00e4tzte Lesezeit":"3\u00a0Minuten"},"schema":{"@context":"https:\/\/schema.org","@graph":[{"@type":"WebPage","@id":"http:\/\/www.m-t-z.at\/?page_id=642","url":"http:\/\/www.m-t-z.at\/?page_id=642","name":"AGB's Ern\u00e4hrungsberater -","isPartOf":{"@id":"http:\/\/www.m-t-z.at\/#website"},"datePublished":"2020-12-09T09:50:17+00:00","dateModified":"2021-12-16T07:34:24+00:00","breadcrumb":{"@id":"http:\/\/www.m-t-z.at\/?page_id=642#breadcrumb"},"inLanguage":"de","potentialAction":[{"@type":"ReadAction","target":["http:\/\/www.m-t-z.at\/?page_id=642"]}]},{"@type":"BreadcrumbList","@id":"http:\/\/www.m-t-z.at\/?page_id=642#breadcrumb","itemListElement":[{"@type":"ListItem","position":1,"name":"Startseite","item":"http:\/\/www.m-t-z.at\/"},{"@type":"ListItem","position":2,"name":"AGB&#8217;s Ern\u00e4hrungsberater"}]},{"@type":"WebSite","@id":"http:\/\/www.m-t-z.at\/#website","url":"http:\/\/www.m-t-z.at\/","name":"","description":"","potentialAction":[{"@type":"SearchAction","target":{"@type":"EntryPoint","urlTemplate":"http:\/\/www.m-t-z.at\/?s={search_term_string}"},"query-input":"required name=search_term_string"}],"inLanguage":"de"}]}},"_links":{"self":[{"href":"http:\/\/www.m-t-z.at\/index.php?rest_route=\/wp\/v2\/pages\/642"}],"collection":[{"href":"http:\/\/www.m-t-z.at\/index.php?rest_route=\/wp\/v2\/pages"}],"about":[{"href":"http:\/\/www.m-t-z.at\/index.php?rest_route=\/wp\/v2\/types\/page"}],"author":[{"embeddable":true,"href":"http:\/\/www.m-t-z.at\/index.php?rest_route=\/wp\/v2\/users\/1"}],"replies":[{"embeddable":true,"href":"http:\/\/www.m-t-z.at\/index.php?rest_route=%2Fwp%2Fv2%2Fcomments&post=642"}],"version-history":[{"count":2,"href":"http:\/\/www.m-t-z.at\/index.php?rest_route=\/wp\/v2\/pages\/642\/revisions"}],"predecessor-version":[{"id":709,"href":"http:\/\/www.m-t-z.at\/index.php?rest_route=\/wp\/v2\/pages\/642\/revisions\/709"}],"wp:attachment":[{"href":"http:\/\/www.m-t-z.at\/index.php?rest_route=%2Fwp%2Fv2%2Fmedia&parent=642"}],"curies":[{"name":"wp","href":"https:\/\/api.w.org\/{rel}","templated":true}]}}