{"id":637,"date":"2020-12-09T10:37:09","date_gmt":"2020-12-09T09:37:09","guid":{"rendered":"http:\/\/www.m-t-z.at\/?page_id=637"},"modified":"2023-11-30T13:12:43","modified_gmt":"2023-11-30T12:12:43","slug":"terminplan-ernaehrungsberater","status":"publish","type":"page","link":"http:\/\/www.m-t-z.at\/?page_id=637","title":{"rendered":"Terminplan Ern\u00e4hrungsberater"},"content":{"rendered":"<p><strong>Die Ausbildungstermine:<\/strong><\/p>\n<p><strong>21. Juni bis 23. Juni 2024<br \/>\n<\/strong><strong>31. August bis 1.September 2024\u00a0 &#8211; <u>ONLINE<br \/>\n<\/u><\/strong><strong>27. September bis 29.September 2024<br \/>\n<\/strong><strong>8. November bis 10. November 2024<br \/>\n<\/strong><strong>14. Dezember bis 15. Dezember 2024 \u2013 <u>ONLINE<br \/>\n<\/u><\/strong><strong>11. J\u00e4nner und 12. J\u00e4nner 2025 \u2013 Abschluss<\/strong><strong>\u00a0<\/strong><\/p>\n<p>F\u00fcr Interessierte werden auch Theoriebl\u00f6cke f\u00fcr Schwerpunkt Katze bzw. Kleintiere im Ausma\u00df von je 16 UE angeboten. Kosten a`350,00 Euro.<strong>\u00a0<\/strong><\/p>\n","protected":false},"excerpt":{"rendered":"<p>Die Ausbildungstermine: 21. Juni bis 23. Juni 2024 31. August bis 1.September 2024\u00a0 &#8211; ONLINE 27. September bis 29.September 2024 8. November bis 10. November 2024 14. Dezember bis 15. Dezember 2024 \u2013 ONLINE 11. J\u00e4nner und 12. J\u00e4nner 2025 \u2013 Abschluss\u00a0 F\u00fcr Interessierte werden auch Theoriebl\u00f6cke f\u00fcr Schwerpunkt Katze bzw. Kleintiere im Ausma\u00df von &hellip; <a href=\"http:\/\/www.m-t-z.at\/?page_id=637\" class=\"more-link\"><span class=\"screen-reader-text\">Terminplan Ern\u00e4hrungsberater<\/span> weiterlesen <span class=\"meta-nav\">&rarr;<\/span><\/a><\/p>\n","protected":false},"author":1,"featured_media":0,"parent":0,"menu_order":0,"comment_status":"closed","ping_status":"closed","template":"","meta":[],"yoast_head":"<!-- This site is optimized with the Yoast SEO plugin v19.6.1 - https:\/\/yoast.com\/wordpress\/plugins\/seo\/ -->\n<title>Terminplan Ern\u00e4hrungsberater -<\/title>\n<meta name=\"robots\" content=\"index, follow, max-snippet:-1, max-image-preview:large, max-video-preview:-1\" \/>\n<link rel=\"canonical\" href=\"http:\/\/www.m-t-z.at\/?page_id=637\" \/>\n<meta property=\"og:locale\" content=\"de_DE\" \/>\n<meta property=\"og:type\" content=\"article\" \/>\n<meta property=\"og:title\" content=\"Terminplan Ern\u00e4hrungsberater -\" \/>\n<meta property=\"og:description\" content=\"Die Ausbildungstermine: 21. Juni bis 23. Juni 2024 31. August bis 1.September 2024\u00a0 &#8211; ONLINE 27. September bis 29.September 2024 8. November bis 10. November 2024 14. Dezember bis 15. Dezember 2024 \u2013 ONLINE 11. J\u00e4nner und 12. J\u00e4nner 2025 \u2013 Abschluss\u00a0 F\u00fcr Interessierte werden auch Theoriebl\u00f6cke f\u00fcr Schwerpunkt Katze bzw. Kleintiere im Ausma\u00df von &hellip; Terminplan Ern\u00e4hrungsberater weiterlesen &rarr;\" \/>\n<meta property=\"og:url\" content=\"http:\/\/www.m-t-z.at\/?page_id=637\" \/>\n<meta property=\"article:modified_time\" content=\"2023-11-30T12:12:43+00:00\" \/>\n<meta name=\"twitter:card\" content=\"summary\" \/>\n<meta name=\"twitter:label1\" content=\"Gesch\u00e4tzte Lesezeit\" \/>\n\t<meta name=\"twitter:data1\" content=\"1\u00a0Minute\" \/>\n<script type=\"application\/ld+json\" class=\"yoast-schema-graph\">{\"@context\":\"https:\/\/schema.org\",\"@graph\":[{\"@type\":\"WebPage\",\"@id\":\"http:\/\/www.m-t-z.at\/?page_id=637\",\"url\":\"http:\/\/www.m-t-z.at\/?page_id=637\",\"name\":\"Terminplan Ern\u00e4hrungsberater -\",\"isPartOf\":{\"@id\":\"http:\/\/www.m-t-z.at\/#website\"},\"datePublished\":\"2020-12-09T09:37:09+00:00\",\"dateModified\":\"2023-11-30T12:12:43+00:00\",\"breadcrumb\":{\"@id\":\"http:\/\/www.m-t-z.at\/?page_id=637#breadcrumb\"},\"inLanguage\":\"de\",\"potentialAction\":[{\"@type\":\"ReadAction\",\"target\":[\"http:\/\/www.m-t-z.at\/?page_id=637\"]}]},{\"@type\":\"BreadcrumbList\",\"@id\":\"http:\/\/www.m-t-z.at\/?page_id=637#breadcrumb\",\"itemListElement\":[{\"@type\":\"ListItem\",\"position\":1,\"name\":\"Startseite\",\"item\":\"http:\/\/www.m-t-z.at\/\"},{\"@type\":\"ListItem\",\"position\":2,\"name\":\"Terminplan Ern\u00e4hrungsberater\"}]},{\"@type\":\"WebSite\",\"@id\":\"http:\/\/www.m-t-z.at\/#website\",\"url\":\"http:\/\/www.m-t-z.at\/\",\"name\":\"\",\"description\":\"\",\"potentialAction\":[{\"@type\":\"SearchAction\",\"target\":{\"@type\":\"EntryPoint\",\"urlTemplate\":\"http:\/\/www.m-t-z.at\/?s={search_term_string}\"},\"query-input\":\"required name=search_term_string\"}],\"inLanguage\":\"de\"}]}<\/script>\n<!-- \/ Yoast SEO plugin. -->","yoast_head_json":{"title":"Terminplan Ern\u00e4hrungsberater -","robots":{"index":"index","follow":"follow","max-snippet":"max-snippet:-1","max-image-preview":"max-image-preview:large","max-video-preview":"max-video-preview:-1"},"canonical":"http:\/\/www.m-t-z.at\/?page_id=637","og_locale":"de_DE","og_type":"article","og_title":"Terminplan Ern\u00e4hrungsberater -","og_description":"Die Ausbildungstermine: 21. Juni bis 23. Juni 2024 31. August bis 1.September 2024\u00a0 &#8211; ONLINE 27. September bis 29.September 2024 8. November bis 10. November 2024 14. Dezember bis 15. Dezember 2024 \u2013 ONLINE 11. J\u00e4nner und 12. J\u00e4nner 2025 \u2013 Abschluss\u00a0 F\u00fcr Interessierte werden auch Theoriebl\u00f6cke f\u00fcr Schwerpunkt Katze bzw. Kleintiere im Ausma\u00df von &hellip; Terminplan Ern\u00e4hrungsberater weiterlesen &rarr;","og_url":"http:\/\/www.m-t-z.at\/?page_id=637","article_modified_time":"2023-11-30T12:12:43+00:00","twitter_card":"summary","twitter_misc":{"Gesch\u00e4tzte Lesezeit":"1\u00a0Minute"},"schema":{"@context":"https:\/\/schema.org","@graph":[{"@type":"WebPage","@id":"http:\/\/www.m-t-z.at\/?page_id=637","url":"http:\/\/www.m-t-z.at\/?page_id=637","name":"Terminplan Ern\u00e4hrungsberater -","isPartOf":{"@id":"http:\/\/www.m-t-z.at\/#website"},"datePublished":"2020-12-09T09:37:09+00:00","dateModified":"2023-11-30T12:12:43+00:00","breadcrumb":{"@id":"http:\/\/www.m-t-z.at\/?page_id=637#breadcrumb"},"inLanguage":"de","potentialAction":[{"@type":"ReadAction","target":["http:\/\/www.m-t-z.at\/?page_id=637"]}]},{"@type":"BreadcrumbList","@id":"http:\/\/www.m-t-z.at\/?page_id=637#breadcrumb","itemListElement":[{"@type":"ListItem","position":1,"name":"Startseite","item":"http:\/\/www.m-t-z.at\/"},{"@type":"ListItem","position":2,"name":"Terminplan Ern\u00e4hrungsberater"}]},{"@type":"WebSite","@id":"http:\/\/www.m-t-z.at\/#website","url":"http:\/\/www.m-t-z.at\/","name":"","description":"","potentialAction":[{"@type":"SearchAction","target":{"@type":"EntryPoint","urlTemplate":"http:\/\/www.m-t-z.at\/?s={search_term_string}"},"query-input":"required name=search_term_string"}],"inLanguage":"de"}]}},"_links":{"self":[{"href":"http:\/\/www.m-t-z.at\/index.php?rest_route=\/wp\/v2\/pages\/637"}],"collection":[{"href":"http:\/\/www.m-t-z.at\/index.php?rest_route=\/wp\/v2\/pages"}],"about":[{"href":"http:\/\/www.m-t-z.at\/index.php?rest_route=\/wp\/v2\/types\/page"}],"author":[{"embeddable":true,"href":"http:\/\/www.m-t-z.at\/index.php?rest_route=\/wp\/v2\/users\/1"}],"replies":[{"embeddable":true,"href":"http:\/\/www.m-t-z.at\/index.php?rest_route=%2Fwp%2Fv2%2Fcomments&post=637"}],"version-history":[{"count":8,"href":"http:\/\/www.m-t-z.at\/index.php?rest_route=\/wp\/v2\/pages\/637\/revisions"}],"predecessor-version":[{"id":771,"href":"http:\/\/www.m-t-z.at\/index.php?rest_route=\/wp\/v2\/pages\/637\/revisions\/771"}],"wp:attachment":[{"href":"http:\/\/www.m-t-z.at\/index.php?rest_route=%2Fwp%2Fv2%2Fmedia&parent=637"}],"curies":[{"name":"wp","href":"https:\/\/api.w.org\/{rel}","templated":true}]}}