{"id":633,"date":"2020-12-09T10:31:10","date_gmt":"2020-12-09T09:31:10","guid":{"rendered":"http:\/\/www.m-t-z.at\/?page_id=633"},"modified":"2020-12-09T10:31:10","modified_gmt":"2020-12-09T09:31:10","slug":"referenten-ernaehrungsberater","status":"publish","type":"page","link":"http:\/\/www.m-t-z.at\/?page_id=633","title":{"rendered":"Referenten Ern\u00e4hrungsberater"},"content":{"rendered":"\n<table id=\"tablepress-9\" class=\"tablepress tablepress-id-9\">\n<thead>\n<tr class=\"row-1 odd\">\n\t<th class=\"column-1\">Name\/Titel\/         <\/th><th class=\"column-2\"> Ausbildung\/Beruf <\/th><th class=\"column-3\">Thema<\/th>\n<\/tr>\n<\/thead>\n<tbody>\n<tr class=\"row-2 even\">\n\t<td class=\"column-1\">Bruckner Irene, Dr.med.vet         <\/td><td class=\"column-2\"> FTA Ern\u00e4hrung und Di\u00e4tetik, Scientific Trainer, Royal Canin<\/td><td class=\"column-3\">Ern\u00e4hrung bei Allergien\/Unvertr\u00e4glichkeiten Notwendikeit von medizinidchen Di\u00e4tfuttermitteln<\/td>\n<\/tr>\n<tr class=\"row-3 odd\">\n\t<td class=\"column-1\">Ulrike Chlan<\/td><td class=\"column-2\">Kinesiologin, Bachbl\u00fctentherapeutin, Touch for Health<\/td><td class=\"column-3\">Kinesiologie als Hilfe bei Unvertr\u00e4glichkeitsfeststellung, Sch\u00fcsslersalze, Bachbl\u00fctenherstellung, ...<\/td>\n<\/tr>\n<tr class=\"row-4 even\">\n\t<td class=\"column-1\"><a href=\"http:\/\/www.tierisch-gsund.at\" target=\"_blank\" rel=\"noopener\"> Carina Kriegl, Dr. med.vet.<br \/>\n<\/a><\/td><td class=\"column-2\">Tier\u00e4rztin,<br \/>\nHundeverhaltenstrainerin<br \/>\nChiropraktikerin<br \/>\nErn\u00e4hrung<\/td><td class=\"column-3\">Anatomie, Physiologie des Hundes\/Katze, Ern\u00e4hrungsgrundlagen<br \/>\nErn\u00e4hrungsbedingte Verhaltensprobleme, Di\u00e4tetik,<br \/>\nErn\u00e4hrungsbedingte  Erkrankungen und Wachstumsst\u00f6rungen,<br \/>\npraktische Umsetzung der F\u00fctterung in untersch. Lebensphasen, Bedarfsberechnungen, Futterplanerstellung, Kr\u00e4uterzus\u00e4tze,\u2026<br \/>\nVegetarische\/Vegane Hundeern\u00e4hrung<br \/>\nDarmgesundheit<br \/>\n<\/td>\n<\/tr>\n<tr class=\"row-5 odd\">\n\t<td class=\"column-1\">weitere Referenten....<\/td><td class=\"column-2\"><\/td><td class=\"column-3\"><\/td>\n<\/tr>\n<\/tbody>\n<\/table>\n<!-- #tablepress-9 from cache -->\n","protected":false},"excerpt":{"rendered":"","protected":false},"author":1,"featured_media":0,"parent":0,"menu_order":0,"comment_status":"closed","ping_status":"closed","template":"","meta":[],"yoast_head":"<!-- This site is optimized with the Yoast SEO plugin v19.6.1 - https:\/\/yoast.com\/wordpress\/plugins\/seo\/ -->\n<title>Referenten Ern\u00e4hrungsberater -<\/title>\n<meta name=\"robots\" content=\"index, follow, max-snippet:-1, max-image-preview:large, max-video-preview:-1\" \/>\n<link rel=\"canonical\" href=\"http:\/\/www.m-t-z.at\/?page_id=633\" \/>\n<meta property=\"og:locale\" content=\"de_DE\" \/>\n<meta property=\"og:type\" content=\"article\" \/>\n<meta property=\"og:title\" content=\"Referenten Ern\u00e4hrungsberater -\" \/>\n<meta property=\"og:url\" content=\"http:\/\/www.m-t-z.at\/?page_id=633\" \/>\n<meta name=\"twitter:card\" content=\"summary\" \/>\n<script type=\"application\/ld+json\" class=\"yoast-schema-graph\">{\"@context\":\"https:\/\/schema.org\",\"@graph\":[{\"@type\":\"WebPage\",\"@id\":\"http:\/\/www.m-t-z.at\/?page_id=633\",\"url\":\"http:\/\/www.m-t-z.at\/?page_id=633\",\"name\":\"Referenten Ern\u00e4hrungsberater -\",\"isPartOf\":{\"@id\":\"http:\/\/www.m-t-z.at\/#website\"},\"datePublished\":\"2020-12-09T09:31:10+00:00\",\"dateModified\":\"2020-12-09T09:31:10+00:00\",\"breadcrumb\":{\"@id\":\"http:\/\/www.m-t-z.at\/?page_id=633#breadcrumb\"},\"inLanguage\":\"de\",\"potentialAction\":[{\"@type\":\"ReadAction\",\"target\":[\"http:\/\/www.m-t-z.at\/?page_id=633\"]}]},{\"@type\":\"BreadcrumbList\",\"@id\":\"http:\/\/www.m-t-z.at\/?page_id=633#breadcrumb\",\"itemListElement\":[{\"@type\":\"ListItem\",\"position\":1,\"name\":\"Startseite\",\"item\":\"http:\/\/www.m-t-z.at\/\"},{\"@type\":\"ListItem\",\"position\":2,\"name\":\"Referenten Ern\u00e4hrungsberater\"}]},{\"@type\":\"WebSite\",\"@id\":\"http:\/\/www.m-t-z.at\/#website\",\"url\":\"http:\/\/www.m-t-z.at\/\",\"name\":\"\",\"description\":\"\",\"potentialAction\":[{\"@type\":\"SearchAction\",\"target\":{\"@type\":\"EntryPoint\",\"urlTemplate\":\"http:\/\/www.m-t-z.at\/?s={search_term_string}\"},\"query-input\":\"required name=search_term_string\"}],\"inLanguage\":\"de\"}]}<\/script>\n<!-- \/ Yoast SEO plugin. -->","yoast_head_json":{"title":"Referenten Ern\u00e4hrungsberater -","robots":{"index":"index","follow":"follow","max-snippet":"max-snippet:-1","max-image-preview":"max-image-preview:large","max-video-preview":"max-video-preview:-1"},"canonical":"http:\/\/www.m-t-z.at\/?page_id=633","og_locale":"de_DE","og_type":"article","og_title":"Referenten Ern\u00e4hrungsberater -","og_url":"http:\/\/www.m-t-z.at\/?page_id=633","twitter_card":"summary","schema":{"@context":"https:\/\/schema.org","@graph":[{"@type":"WebPage","@id":"http:\/\/www.m-t-z.at\/?page_id=633","url":"http:\/\/www.m-t-z.at\/?page_id=633","name":"Referenten Ern\u00e4hrungsberater -","isPartOf":{"@id":"http:\/\/www.m-t-z.at\/#website"},"datePublished":"2020-12-09T09:31:10+00:00","dateModified":"2020-12-09T09:31:10+00:00","breadcrumb":{"@id":"http:\/\/www.m-t-z.at\/?page_id=633#breadcrumb"},"inLanguage":"de","potentialAction":[{"@type":"ReadAction","target":["http:\/\/www.m-t-z.at\/?page_id=633"]}]},{"@type":"BreadcrumbList","@id":"http:\/\/www.m-t-z.at\/?page_id=633#breadcrumb","itemListElement":[{"@type":"ListItem","position":1,"name":"Startseite","item":"http:\/\/www.m-t-z.at\/"},{"@type":"ListItem","position":2,"name":"Referenten Ern\u00e4hrungsberater"}]},{"@type":"WebSite","@id":"http:\/\/www.m-t-z.at\/#website","url":"http:\/\/www.m-t-z.at\/","name":"","description":"","potentialAction":[{"@type":"SearchAction","target":{"@type":"EntryPoint","urlTemplate":"http:\/\/www.m-t-z.at\/?s={search_term_string}"},"query-input":"required name=search_term_string"}],"inLanguage":"de"}]}},"_links":{"self":[{"href":"http:\/\/www.m-t-z.at\/index.php?rest_route=\/wp\/v2\/pages\/633"}],"collection":[{"href":"http:\/\/www.m-t-z.at\/index.php?rest_route=\/wp\/v2\/pages"}],"about":[{"href":"http:\/\/www.m-t-z.at\/index.php?rest_route=\/wp\/v2\/types\/page"}],"author":[{"embeddable":true,"href":"http:\/\/www.m-t-z.at\/index.php?rest_route=\/wp\/v2\/users\/1"}],"replies":[{"embeddable":true,"href":"http:\/\/www.m-t-z.at\/index.php?rest_route=%2Fwp%2Fv2%2Fcomments&post=633"}],"version-history":[{"count":1,"href":"http:\/\/www.m-t-z.at\/index.php?rest_route=\/wp\/v2\/pages\/633\/revisions"}],"predecessor-version":[{"id":634,"href":"http:\/\/www.m-t-z.at\/index.php?rest_route=\/wp\/v2\/pages\/633\/revisions\/634"}],"wp:attachment":[{"href":"http:\/\/www.m-t-z.at\/index.php?rest_route=%2Fwp%2Fv2%2Fmedia&parent=633"}],"curies":[{"name":"wp","href":"https:\/\/api.w.org\/{rel}","templated":true}]}}