{"id":125,"date":"2014-08-02T16:43:48","date_gmt":"2014-08-02T14:43:48","guid":{"rendered":"http:\/\/www.m-t-z.at\/?page_id=125"},"modified":"2019-01-26T10:53:46","modified_gmt":"2019-01-26T09:53:46","slug":"vorstand","status":"publish","type":"page","link":"http:\/\/www.m-t-z.at\/?page_id=125","title":{"rendered":"Vorstand"},"content":{"rendered":"<p><span style=\"font-family: Arial;\"><span style=\"font-size: x-large;\"><a href=\"http:\/\/www.m-t-z.at\/wordpress\/wp-content\/uploads\/2014\/08\/Haitzer.png\"><img loading=\"lazy\" class=\" size-thumbnail wp-image-415 alignleft\" src=\"http:\/\/www.m-t-z.at\/wordpress\/wp-content\/uploads\/2014\/08\/Haitzer-150x150.png\" alt=\"Haitzer\" width=\"150\" height=\"150\" \/><\/a>Susanna Haitzer (Obfrau)<br \/>\n<\/span><span style=\"font-size: 12pt;\">S<\/span><\/span><span style=\"font-family: arial,helvetica,sans-serif; font-size: 12pt;\">usanna (geb. 1961) arbeitete als<br \/>\nIntensivfachkrankenschwester im KH Baden und wohnt mit ihrem Lebensgef\u00e4hrten Herbert und der Landseerdame Aimee und dem Mischling Willi in Bad Sauerbrunn.<\/span><\/p>\n<p><span style=\"font-family: arial,helvetica,sans-serif; font-size: 12pt;\">Hobbys : Tiere vor allem Hunde, tiergest\u00fctzte Therapie , Tierschutz.<br \/>\n<span style=\"font-family: arial,helvetica,sans-serif; font-size: 12pt;\">Susanna ist auch Certified European Dog Trainer, ausgebildet durch Turid Rugaas und Anne Lill Kvam und akad. Gepr\u00fcfte Kynologin. Sie setzt ihr Wissen auch unter anderem durch Sozial Walks, Leinentraining und Hundehalterberatung f\u00fcr Tiere Helfen Leben ein.<br \/>\n<\/span><span style=\"font-family: arial,helvetica,sans-serif; font-size: 12pt;\">Susanna ist Mitglied bei der V\u00d6HT (Vereinigung \u00f6st. HundeverhaltenstrainerInnen) und Vorstandsmitglied in <a title=\"ESAAT\" href=\"http:\/\/www.tiere-helfen-leben.at\/?page_id=562\" target=\"_blank\"><span style=\"text-decoration: underline;\"><span style=\"color: #0066cc;\">ESAAT (European Society of Animal Assisted Therapie)<\/span><\/span><\/a><\/span><\/span><\/p>\n<p><span style=\"font-family: arial,helvetica,sans-serif; font-size: 12pt;\"><strong>Aufgaben bei MTZ: <\/strong>Beratungsgespr\u00e4che aller Art, Mitgliederverwaltung, Vereinsabwicklung, Veranstaltungsorganisation, Teaminformation, Terminplanung,\u00a0 Konzeptentwicklungen, Networking, &#8230;<\/span><\/p>\n<p><span style=\"color: #000000; font-family: arial,helvetica,sans-serif; font-size: 12pt;\"><span style=\"font-family: Arial; font-size: x-large;\"><a href=\"http:\/\/www.m-t-z.at\/wordpress\/wp-content\/uploads\/2014\/08\/roth_christa1.jpg\"><img loading=\"lazy\" class=\" size-full wp-image-416 alignleft\" src=\"http:\/\/www.m-t-z.at\/wordpress\/wp-content\/uploads\/2014\/08\/roth_christa1.jpg\" alt=\"roth_christa1\" width=\"115\" height=\"145\" \/><\/a>Christa Roth\u00a0 (Obfrau-Stellvertreter)<\/span>Christa (geb. 1958) pensionierte leitende Diplomkrankenpflegerin<br \/>\nim KH Wiener Neustadt und lebt mit ihrem Gatten Manfred in Wiener Neustadt.<br \/>\nIhre beiden T\u00f6chter sind bereits erwachsen und selbst verheiratet.<br \/>\n2006 Abschluss des Universit\u00e4tslehrganges f\u00fcr tiergest\u00fctzte Therapie und tiergest\u00fctzte F\u00f6rderma\u00dfnahmen zur akademisch gepr\u00fcften Fachkraft.<br \/>\n<span style=\"font-family: arial,helvetica,sans-serif; font-size: 12pt;\"><span style=\"color: #000000;\">Hobbys<\/span><b><span style=\"color: #000000;\">:<\/span><\/b><span style=\"color: #000000;\"> Lesen, Interieur und Dekoration und nat\u00fcrlich der Verein Tiere helfen Leben<br \/>\n<span style=\"color: #000000; font-family: arial,helvetica,sans-serif; font-size: 12pt;\"><span style=\"font-family: arial,helvetica,sans-serif; font-size: 12pt;\"><span style=\"color: #000000;\"><b>Aufgaben bei MTZ:\u00a0 <\/b>Auftragsabwicklung, Kundenbetreuung, Buchungsverwaltung,&#8230;<\/span><\/span><\/span><\/span><\/span><\/span><\/p>\n<p><span style=\"font-family: arial,helvetica,sans-serif; font-size: 12pt;\"><span style=\"font-family: arial,helvetica,sans-serif; font-size: 18pt;\">Friederike Steiner (Schriftf\u00fchrerin)<br \/>\n<\/span><a href=\"http:\/\/www.m-t-z.at\/wordpress\/wp-content\/uploads\/2014\/08\/steiner_friederike.jpg\"><img loading=\"lazy\" class=\" size-thumbnail wp-image-417 alignleft\" src=\"http:\/\/www.m-t-z.at\/wordpress\/wp-content\/uploads\/2014\/08\/steiner_friederike-115x150.jpg\" alt=\"steiner_friederike\" width=\"115\" height=\"150\" \/><\/a>Fritzi, Ricki oder von Freunden auch Fridolin\u00a0 genannt (geb. 1959) lebt mit ihrem Lebensgef\u00e4hrten Peter in einer Wohnung mitten in Wiener Neustadt. Ein weiterer Mitbewohner ist ihr Hund Hugo. Die beiden Kinder Thomas und Martina sind bereits erwachsen und selbst\u00e4ndig. Sie besuchen aber immer noch gerne &#8222;Restaurant Mama&#8220;. Ihr Beruf ist Musiklehrer. Sie leitet zwei\u00a0<a href=\"http:\/\/www.ziehharmoniker.at\/\" target=\"_blank\"><span style=\"text-decoration: underline;\"><span style=\"color: #0066cc;\">Orchester<\/span><\/span><\/a>\u00a0und ein Ensemble. <\/span><span style=\"font-family: arial,helvetica,sans-serif; font-size: 12pt;\">Hobbys: Konzert- und Kabarettbesuche, Spazierg\u00e4nge und Haushalt ;-))))<br \/>\n<span style=\"font-family: arial,helvetica,sans-serif; font-size: 12pt;\"><b>Aufgaben bei MTZ:<\/b>\u00a0Protokollierung von Sitzungen,\u00a0Vorbereitung von Seminarunterlagen,&#8230;\u00a0<\/span><\/span><\/p>\n<p><span style=\"font-family: arial,helvetica,sans-serif; font-size: 18pt;\"><span style=\"font-family: arial,helvetica,sans-serif; font-size: 12pt;\"><span style=\"font-family: arial,helvetica,sans-serif; font-size: 12pt;\"><span style=\"font-family: arial,helvetica,sans-serif; font-size: 18pt;\"><a href=\"http:\/\/www.m-t-z.at\/wordpress\/wp-content\/uploads\/2014\/08\/strauch_peter.jpg\"><img loading=\"lazy\" class=\" size-thumbnail wp-image-418 alignleft\" src=\"http:\/\/www.m-t-z.at\/wordpress\/wp-content\/uploads\/2014\/08\/strauch_peter-115x150.jpg\" alt=\"strauch_peter\" width=\"115\" height=\"150\" \/><\/a><\/span><\/span><\/span><\/span><span style=\"font-size: 18pt;\">Peter Strauch (Kassier)<br \/>\n<\/span><\/p>\n<p><span style=\"font-family: arial,helvetica,sans-serif;\">Peter (geb.1955) lebt mit seiner Lebensgef\u00e4hrtin Fritzi und Hund Hugo \u00a0in Wiener Neustadt.<\/span><br \/>\n<span style=\"font-family: arial,helvetica,sans-serif;\"> Beruf: Pensionierter Koch.<\/span><br \/>\n<span style=\"font-family: arial,helvetica,sans-serif;\"> Seine Hobbys: Kochen, Lesen, Arbeiten am THL-Gel\u00e4nde, Brandmalerei, &#8230;.<\/span><br \/>\n<span style=\"font-family: arial,helvetica,sans-serif;\"><strong>Aufgaben bei MTZ:<\/strong> Buchhaltung, Kassaverwaltung,\u00a0 Instandhaltung des Vereinsgel\u00e4ndes, Webmaster der Homepage,&#8230;<\/span><\/p>\n<p>&nbsp;<\/p>\n","protected":false},"excerpt":{"rendered":"<p>Susanna Haitzer (Obfrau) Susanna (geb. 1961) arbeitete als Intensivfachkrankenschwester im KH Baden und wohnt mit ihrem Lebensgef\u00e4hrten Herbert und der Landseerdame Aimee und dem Mischling Willi in Bad Sauerbrunn. Hobbys : Tiere vor allem Hunde, tiergest\u00fctzte Therapie , Tierschutz. Susanna ist auch Certified European Dog Trainer, ausgebildet durch Turid Rugaas und Anne Lill Kvam und &hellip; <a href=\"http:\/\/www.m-t-z.at\/?page_id=125\" class=\"more-link\"><span class=\"screen-reader-text\">Vorstand<\/span> weiterlesen <span class=\"meta-nav\">&rarr;<\/span><\/a><\/p>\n","protected":false},"author":1,"featured_media":0,"parent":0,"menu_order":0,"comment_status":"closed","ping_status":"closed","template":"","meta":[],"yoast_head":"<!-- This site is optimized with the Yoast SEO plugin v19.6.1 - https:\/\/yoast.com\/wordpress\/plugins\/seo\/ -->\n<title>Die Vorstandsmitglieder des Vereins<\/title>\n<meta name=\"robots\" content=\"index, follow, max-snippet:-1, max-image-preview:large, max-video-preview:-1\" \/>\n<link rel=\"canonical\" href=\"http:\/\/www.m-t-z.at\/?page_id=125\" \/>\n<meta property=\"og:locale\" content=\"de_DE\" \/>\n<meta property=\"og:type\" content=\"article\" \/>\n<meta property=\"og:title\" content=\"Die Vorstandsmitglieder des Vereins\" \/>\n<meta property=\"og:description\" content=\"Susanna Haitzer (Obfrau) Susanna (geb. 1961) arbeitete als Intensivfachkrankenschwester im KH Baden und wohnt mit ihrem Lebensgef\u00e4hrten Herbert und der Landseerdame Aimee und dem Mischling Willi in Bad Sauerbrunn. Hobbys : Tiere vor allem Hunde, tiergest\u00fctzte Therapie , Tierschutz. Susanna ist auch Certified European Dog Trainer, ausgebildet durch Turid Rugaas und Anne Lill Kvam und &hellip; Vorstand weiterlesen &rarr;\" \/>\n<meta property=\"og:url\" content=\"http:\/\/www.m-t-z.at\/?page_id=125\" \/>\n<meta property=\"article:modified_time\" content=\"2019-01-26T09:53:46+00:00\" \/>\n<meta property=\"og:image\" content=\"http:\/\/www.m-t-z.at\/wordpress\/wp-content\/uploads\/2014\/08\/Haitzer-150x150.png\" \/>\n<meta name=\"twitter:card\" content=\"summary\" \/>\n<meta name=\"twitter:label1\" content=\"Gesch\u00e4tzte Lesezeit\" \/>\n\t<meta name=\"twitter:data1\" content=\"2\u00a0Minuten\" \/>\n<script type=\"application\/ld+json\" class=\"yoast-schema-graph\">{\"@context\":\"https:\/\/schema.org\",\"@graph\":[{\"@type\":\"WebPage\",\"@id\":\"http:\/\/www.m-t-z.at\/?page_id=125\",\"url\":\"http:\/\/www.m-t-z.at\/?page_id=125\",\"name\":\"Die Vorstandsmitglieder des Vereins\",\"isPartOf\":{\"@id\":\"http:\/\/www.m-t-z.at\/#website\"},\"datePublished\":\"2014-08-02T14:43:48+00:00\",\"dateModified\":\"2019-01-26T09:53:46+00:00\",\"breadcrumb\":{\"@id\":\"http:\/\/www.m-t-z.at\/?page_id=125#breadcrumb\"},\"inLanguage\":\"de\",\"potentialAction\":[{\"@type\":\"ReadAction\",\"target\":[\"http:\/\/www.m-t-z.at\/?page_id=125\"]}]},{\"@type\":\"BreadcrumbList\",\"@id\":\"http:\/\/www.m-t-z.at\/?page_id=125#breadcrumb\",\"itemListElement\":[{\"@type\":\"ListItem\",\"position\":1,\"name\":\"Startseite\",\"item\":\"http:\/\/www.m-t-z.at\/\"},{\"@type\":\"ListItem\",\"position\":2,\"name\":\"Vorstand\"}]},{\"@type\":\"WebSite\",\"@id\":\"http:\/\/www.m-t-z.at\/#website\",\"url\":\"http:\/\/www.m-t-z.at\/\",\"name\":\"\",\"description\":\"\",\"potentialAction\":[{\"@type\":\"SearchAction\",\"target\":{\"@type\":\"EntryPoint\",\"urlTemplate\":\"http:\/\/www.m-t-z.at\/?s={search_term_string}\"},\"query-input\":\"required name=search_term_string\"}],\"inLanguage\":\"de\"}]}<\/script>\n<!-- \/ Yoast SEO plugin. -->","yoast_head_json":{"title":"Die Vorstandsmitglieder des Vereins","robots":{"index":"index","follow":"follow","max-snippet":"max-snippet:-1","max-image-preview":"max-image-preview:large","max-video-preview":"max-video-preview:-1"},"canonical":"http:\/\/www.m-t-z.at\/?page_id=125","og_locale":"de_DE","og_type":"article","og_title":"Die Vorstandsmitglieder des Vereins","og_description":"Susanna Haitzer (Obfrau) Susanna (geb. 1961) arbeitete als Intensivfachkrankenschwester im KH Baden und wohnt mit ihrem Lebensgef\u00e4hrten Herbert und der Landseerdame Aimee und dem Mischling Willi in Bad Sauerbrunn. Hobbys : Tiere vor allem Hunde, tiergest\u00fctzte Therapie , Tierschutz. Susanna ist auch Certified European Dog Trainer, ausgebildet durch Turid Rugaas und Anne Lill Kvam und &hellip; Vorstand weiterlesen &rarr;","og_url":"http:\/\/www.m-t-z.at\/?page_id=125","article_modified_time":"2019-01-26T09:53:46+00:00","og_image":[{"url":"http:\/\/www.m-t-z.at\/wordpress\/wp-content\/uploads\/2014\/08\/Haitzer-150x150.png"}],"twitter_card":"summary","twitter_misc":{"Gesch\u00e4tzte Lesezeit":"2\u00a0Minuten"},"schema":{"@context":"https:\/\/schema.org","@graph":[{"@type":"WebPage","@id":"http:\/\/www.m-t-z.at\/?page_id=125","url":"http:\/\/www.m-t-z.at\/?page_id=125","name":"Die Vorstandsmitglieder des Vereins","isPartOf":{"@id":"http:\/\/www.m-t-z.at\/#website"},"datePublished":"2014-08-02T14:43:48+00:00","dateModified":"2019-01-26T09:53:46+00:00","breadcrumb":{"@id":"http:\/\/www.m-t-z.at\/?page_id=125#breadcrumb"},"inLanguage":"de","potentialAction":[{"@type":"ReadAction","target":["http:\/\/www.m-t-z.at\/?page_id=125"]}]},{"@type":"BreadcrumbList","@id":"http:\/\/www.m-t-z.at\/?page_id=125#breadcrumb","itemListElement":[{"@type":"ListItem","position":1,"name":"Startseite","item":"http:\/\/www.m-t-z.at\/"},{"@type":"ListItem","position":2,"name":"Vorstand"}]},{"@type":"WebSite","@id":"http:\/\/www.m-t-z.at\/#website","url":"http:\/\/www.m-t-z.at\/","name":"","description":"","potentialAction":[{"@type":"SearchAction","target":{"@type":"EntryPoint","urlTemplate":"http:\/\/www.m-t-z.at\/?s={search_term_string}"},"query-input":"required name=search_term_string"}],"inLanguage":"de"}]}},"_links":{"self":[{"href":"http:\/\/www.m-t-z.at\/index.php?rest_route=\/wp\/v2\/pages\/125"}],"collection":[{"href":"http:\/\/www.m-t-z.at\/index.php?rest_route=\/wp\/v2\/pages"}],"about":[{"href":"http:\/\/www.m-t-z.at\/index.php?rest_route=\/wp\/v2\/types\/page"}],"author":[{"embeddable":true,"href":"http:\/\/www.m-t-z.at\/index.php?rest_route=\/wp\/v2\/users\/1"}],"replies":[{"embeddable":true,"href":"http:\/\/www.m-t-z.at\/index.php?rest_route=%2Fwp%2Fv2%2Fcomments&post=125"}],"version-history":[{"count":16,"href":"http:\/\/www.m-t-z.at\/index.php?rest_route=\/wp\/v2\/pages\/125\/revisions"}],"predecessor-version":[{"id":426,"href":"http:\/\/www.m-t-z.at\/index.php?rest_route=\/wp\/v2\/pages\/125\/revisions\/426"}],"wp:attachment":[{"href":"http:\/\/www.m-t-z.at\/index.php?rest_route=%2Fwp%2Fv2%2Fmedia&parent=125"}],"curies":[{"name":"wp","href":"https:\/\/api.w.org\/{rel}","templated":true}]}}